{"id":18738,"date":"2023-08-07T13:17:13","date_gmt":"2023-08-07T13:17:13","guid":{"rendered":"https:\/\/ebooz.com\/frequent-questions\/que-es-la-rgpd-gdpr-y-como-afecta-a-su-pagina-web\/"},"modified":"2023-08-21T15:08:35","modified_gmt":"2023-08-21T15:08:35","slug":"que-es-la-rgpd-gdpr-y-como-afecta-a-su-pagina-web","status":"publish","type":"page","link":"https:\/\/ebooz.com\/en\/frequent-questions\/que-es-la-rgpd-gdpr-y-como-afecta-a-su-pagina-web\/","title":{"rendered":"Qu\u00e9 es la RGPD (GDPR) y c\u00f3mo afecta a su p\u00e1gina web"},"content":{"rendered":"\t\t<div data-elementor-type=\"wp-page\" data-elementor-id=\"18738\" class=\"elementor elementor-18738\" data-elementor-post-type=\"page\">\n\t\t\t\t\t\t<section class=\"elementor-section elementor-top-section elementor-element elementor-element-87f5cb9 elementor-section-boxed elementor-section-height-default elementor-section-height-default\" data-id=\"87f5cb9\" data-element_type=\"section\" data-e-type=\"section\" data-settings=\"{&quot;background_background&quot;:&quot;classic&quot;}\">\n\t\t\t\t\t\t\t<div class=\"elementor-background-overlay\"><\/div>\n\t\t\t\t\t\t\t<div class=\"elementor-container elementor-column-gap-default\">\n\t\t\t\t\t<div class=\"elementor-column elementor-col-100 elementor-top-column elementor-element elementor-element-3abf8a3\" data-id=\"3abf8a3\" data-element_type=\"column\" data-e-type=\"column\">\n\t\t\t<div class=\"elementor-widget-wrap elementor-element-populated\">\n\t\t\t\t\t\t<div class=\"elementor-element elementor-element-27f8a13 animated-slow elementor-invisible elementor-widget elementor-widget-heading\" data-id=\"27f8a13\" data-element_type=\"widget\" data-e-type=\"widget\" data-settings=\"{&quot;_animation&quot;:&quot;fadeInDown&quot;}\" data-widget_type=\"heading.default\">\n\t\t\t\t<div class=\"elementor-widget-container\">\n\t\t\t\t\t<span class=\"elementor-heading-title elementor-size-default\">Frequent questions\n<\/span>\t\t\t\t<\/div>\n\t\t\t\t<\/div>\n\t\t\t\t<div class=\"elementor-element elementor-element-5c33a68 animated-slow elementor-invisible elementor-widget elementor-widget-heading\" data-id=\"5c33a68\" data-element_type=\"widget\" data-e-type=\"widget\" data-settings=\"{&quot;_animation&quot;:&quot;fadeInDown&quot;}\" data-widget_type=\"heading.default\">\n\t\t\t\t<div class=\"elementor-widget-container\">\n\t\t\t\t\t<h1 class=\"elementor-heading-title elementor-size-default\">What is the GDPR (GDPR) and how it affects your website<\/h1>\t\t\t\t<\/div>\n\t\t\t\t<\/div>\n\t\t\t\t<div class=\"elementor-element elementor-element-1d8322c elementor-widget elementor-widget-spacer\" data-id=\"1d8322c\" data-element_type=\"widget\" data-e-type=\"widget\" data-widget_type=\"spacer.default\">\n\t\t\t\t<div class=\"elementor-widget-container\">\n\t\t\t\t\t\t\t<div class=\"elementor-spacer\">\n\t\t\t<div class=\"elementor-spacer-inner\"><\/div>\n\t\t<\/div>\n\t\t\t\t\t\t<\/div>\n\t\t\t\t<\/div>\n\t\t\t\t\t<\/div>\n\t\t<\/div>\n\t\t\t\t\t<\/div>\n\t\t<\/section>\n\t\t\t\t<section class=\"elementor-section elementor-top-section elementor-element elementor-element-c38edd9 elementor-section-boxed elementor-section-height-default elementor-section-height-default\" data-id=\"c38edd9\" data-element_type=\"section\" data-e-type=\"section\">\n\t\t\t\t\t\t<div class=\"elementor-container elementor-column-gap-default\">\n\t\t\t\t\t<div class=\"elementor-column elementor-col-100 elementor-top-column elementor-element elementor-element-e883e1f\" data-id=\"e883e1f\" data-element_type=\"column\" data-e-type=\"column\">\n\t\t\t<div class=\"elementor-widget-wrap elementor-element-populated\">\n\t\t\t\t\t\t<div class=\"elementor-element elementor-element-fb2393a elementor-widget elementor-widget-menu-anchor\" data-id=\"fb2393a\" data-element_type=\"widget\" data-e-type=\"widget\" data-widget_type=\"menu-anchor.default\">\n\t\t\t\t<div class=\"elementor-widget-container\">\n\t\t\t\t\t\t\t<div class=\"elementor-menu-anchor\" id=\"scroll\"><\/div>\n\t\t\t\t\t\t<\/div>\n\t\t\t\t<\/div>\n\t\t\t\t\t<\/div>\n\t\t<\/div>\n\t\t\t\t\t<\/div>\n\t\t<\/section>\n\t\t\t\t<section class=\"elementor-section elementor-top-section elementor-element elementor-element-f0d8cde elementor-section-boxed elementor-section-height-default elementor-section-height-default\" data-id=\"f0d8cde\" data-element_type=\"section\" data-e-type=\"section\">\n\t\t\t\t\t\t<div class=\"elementor-container elementor-column-gap-default\">\n\t\t\t\t\t<div class=\"elementor-column elementor-col-100 elementor-top-column elementor-element elementor-element-73583de\" data-id=\"73583de\" data-element_type=\"column\" data-e-type=\"column\">\n\t\t\t<div class=\"elementor-widget-wrap elementor-element-populated\">\n\t\t\t\t\t\t<div class=\"elementor-element elementor-element-cee2055 elementor-widget elementor-widget-spacer\" data-id=\"cee2055\" data-element_type=\"widget\" data-e-type=\"widget\" data-widget_type=\"spacer.default\">\n\t\t\t\t<div class=\"elementor-widget-container\">\n\t\t\t\t\t\t\t<div class=\"elementor-spacer\">\n\t\t\t<div class=\"elementor-spacer-inner\"><\/div>\n\t\t<\/div>\n\t\t\t\t\t\t<\/div>\n\t\t\t\t<\/div>\n\t\t\t\t\t<\/div>\n\t\t<\/div>\n\t\t\t\t\t<\/div>\n\t\t<\/section>\n\t\t\t\t<section class=\"elementor-section elementor-top-section elementor-element elementor-element-3481ca4 elementor-section-content-middle elementor-section-boxed elementor-section-height-default elementor-section-height-default\" data-id=\"3481ca4\" data-element_type=\"section\" data-e-type=\"section\">\n\t\t\t\t\t\t<div class=\"elementor-container elementor-column-gap-default\">\n\t\t\t\t\t<div class=\"elementor-column elementor-col-100 elementor-top-column elementor-element elementor-element-f695807\" data-id=\"f695807\" data-element_type=\"column\" data-e-type=\"column\">\n\t\t\t<div class=\"elementor-widget-wrap elementor-element-populated\">\n\t\t\t\t\t\t<div class=\"elementor-element elementor-element-6fea88e elementor-widget elementor-widget-heading\" data-id=\"6fea88e\" data-element_type=\"widget\" data-e-type=\"widget\" data-widget_type=\"heading.default\">\n\t\t\t\t<div class=\"elementor-widget-container\">\n\t\t\t\t\t<h2 class=\"elementor-heading-title elementor-size-default\">What is the GDPR (GDPR) and how it affects your website<\/h2>\t\t\t\t<\/div>\n\t\t\t\t<\/div>\n\t\t\t\t<div class=\"elementor-element elementor-element-e31cec0 elementor-widget elementor-widget-text-editor\" data-id=\"e31cec0\" data-element_type=\"widget\" data-e-type=\"widget\" data-widget_type=\"text-editor.default\">\n\t\t\t\t<div class=\"elementor-widget-container\">\n\t\t\t\t\t\t\t\t\t<p>The General Data Protection Regulation (<strong>GDPR<\/strong>) is the strictest privacy and security law in the world. Although it was drafted and approved by the European Union (EU), it imposes obligations on organizations anywhere, as long as they target or collect data relating to individuals in the EU. The regulation entered into force on May 25, 2018. The GDPR will impose stiff fines on those who violate its privacy and security standards, with penalties reaching tens of millions of euros.<\/p><p>With the <strong>GDPR<\/strong>, Europe is signaling its strong stance on data privacy and security at a time when more people are entrusting their personal data to cloud services and breaches are an everyday occurrence. The regulation itself is large, far-reaching, and rather light on detail, making GDPR compliance a daunting prospect, particularly for small and medium-sized enterprises (SMEs).<\/p><h3 class=\"wp-block-heading\">How can GDPR affect my website?<\/h3><p>It affects companies or freelancers, also the processing of data in processes with third parties. It influences the treatment of any data. The EU wants to unify the laws that guarantee data protection in the member states.<\/p><p><strong>What happens if I don&#8217;t comply with the GDPR?<\/strong><\/p><p>Prevent doing business in the EU until you adapt. Fines are imposed on companies of any size (even self-employed). Fines amount to 4% of your annual turnover. Fines are imposed even if there is no actual data loss.<\/p><p><strong>Does my business need to comply with the GDPR?<\/strong><\/p><p>Any company or self-employed person is obliged to comply with the new data protection regulations as of May 25, 2018. Each company is different and therefore has its characteristics, they have to take measures to avoid sanctions.\u00a0<\/p>\t\t\t\t\t\t\t\t<\/div>\n\t\t\t\t<\/div>\n\t\t\t\t\t<\/div>\n\t\t<\/div>\n\t\t\t\t\t<\/div>\n\t\t<\/section>\n\t\t\t\t<section class=\"elementor-section elementor-top-section elementor-element elementor-element-553c274 elementor-section-boxed elementor-section-height-default elementor-section-height-default\" data-id=\"553c274\" data-element_type=\"section\" data-e-type=\"section\">\n\t\t\t\t\t\t<div class=\"elementor-container elementor-column-gap-default\">\n\t\t\t\t\t<div class=\"elementor-column elementor-col-100 elementor-top-column elementor-element elementor-element-b273898\" data-id=\"b273898\" data-element_type=\"column\" data-e-type=\"column\">\n\t\t\t<div class=\"elementor-widget-wrap elementor-element-populated\">\n\t\t\t\t\t\t<div class=\"elementor-element elementor-element-d983d3e elementor-widget elementor-widget-spacer\" data-id=\"d983d3e\" data-element_type=\"widget\" data-e-type=\"widget\" data-widget_type=\"spacer.default\">\n\t\t\t\t<div class=\"elementor-widget-container\">\n\t\t\t\t\t\t\t<div class=\"elementor-spacer\">\n\t\t\t<div class=\"elementor-spacer-inner\"><\/div>\n\t\t<\/div>\n\t\t\t\t\t\t<\/div>\n\t\t\t\t<\/div>\n\t\t\t\t\t<\/div>\n\t\t<\/div>\n\t\t\t\t\t<\/div>\n\t\t<\/section>\n\t\t\t\t<\/div>\n\t\t","protected":false},"excerpt":{"rendered":"<p>Frequent questions What is the GDPR (GDPR) and how it affects your website What is the GDPR (GDPR) and how it affects your website The General Data Protection Regulation (GDPR) is the strictest privacy and security law in the world. Although it was drafted and approved by the European Union (EU), it imposes obligations on [&hellip;]<\/p>\n","protected":false},"author":1,"featured_media":0,"parent":17830,"menu_order":0,"comment_status":"closed","ping_status":"closed","template":"","meta":{"site-sidebar-layout":"no-sidebar","site-content-layout":"page-builder","ast-site-content-layout":"default","site-content-style":"default","site-sidebar-style":"default","ast-global-header-display":"","ast-banner-title-visibility":"","ast-main-header-display":"","ast-hfb-above-header-display":"","ast-hfb-below-header-display":"","ast-hfb-mobile-header-display":"","site-post-title":"disabled","ast-breadcrumbs-content":"","ast-featured-img":"disabled","footer-sml-layout":"","ast-disable-related-posts":"","theme-transparent-header-meta":"","adv-header-id-meta":"","stick-header-meta":"","header-above-stick-meta":"","header-main-stick-meta":"","header-below-stick-meta":"","astra-migrate-meta-layouts":"default","ast-page-background-enabled":"default","ast-page-background-meta":{"desktop":{"background-color":"var(--ast-global-color-4)","background-image":"","background-repeat":"repeat","background-position":"center center","background-size":"auto","background-attachment":"scroll","background-type":"","background-media":"","overlay-type":"","overlay-color":"","overlay-opacity":"","overlay-gradient":""},"tablet":{"background-color":"","background-image":"","background-repeat":"repeat","background-position":"center center","background-size":"auto","background-attachment":"scroll","background-type":"","background-media":"","overlay-type":"","overlay-color":"","overlay-opacity":"","overlay-gradient":""},"mobile":{"background-color":"","background-image":"","background-repeat":"repeat","background-position":"center center","background-size":"auto","background-attachment":"scroll","background-type":"","background-media":"","overlay-type":"","overlay-color":"","overlay-opacity":"","overlay-gradient":""}},"ast-content-background-meta":{"desktop":{"background-color":"var(--ast-global-color-5)","background-image":"","background-repeat":"repeat","background-position":"center center","background-size":"auto","background-attachment":"scroll","background-type":"","background-media":"","overlay-type":"","overlay-color":"","overlay-opacity":"","overlay-gradient":""},"tablet":{"background-color":"var(--ast-global-color-5)","background-image":"","background-repeat":"repeat","background-position":"center center","background-size":"auto","background-attachment":"scroll","background-type":"","background-media":"","overlay-type":"","overlay-color":"","overlay-opacity":"","overlay-gradient":""},"mobile":{"background-color":"var(--ast-global-color-5)","background-image":"","background-repeat":"repeat","background-position":"center center","background-size":"auto","background-attachment":"scroll","background-type":"","background-media":"","overlay-type":"","overlay-color":"","overlay-opacity":"","overlay-gradient":""}},"footnotes":""},"class_list":["post-18738","page","type-page","status-publish","hentry"],"yoast_head":"<!-- This site is optimized with the Yoast SEO plugin v27.2 - https:\/\/yoast.com\/product\/yoast-seo-wordpress\/ -->\n<title>What is the RGPD (GDPR) and how it affects your website - Paginas web en Marbella - Ebooz.com<\/title>\n<meta name=\"description\" content=\"How can GDPR affect my website? It affects companies or freelancers, also the processing of data in processes with third parties...\" \/>\n<meta name=\"robots\" content=\"index, follow, max-snippet:-1, max-image-preview:large, max-video-preview:-1\" \/>\n<link rel=\"canonical\" href=\"https:\/\/ebooz.com\/en\/frequent-questions\/que-es-la-rgpd-gdpr-y-como-afecta-a-su-pagina-web\/\" \/>\n<meta property=\"og:locale\" content=\"en_US\" \/>\n<meta property=\"og:type\" content=\"article\" \/>\n<meta property=\"og:title\" content=\"What is the RGPD (GDPR) and how it affects your website - Paginas web en Marbella - Ebooz.com\" \/>\n<meta property=\"og:description\" content=\"How can GDPR affect my website? It affects companies or freelancers, also the processing of data in processes with third parties...\" \/>\n<meta property=\"og:url\" content=\"https:\/\/ebooz.com\/en\/frequent-questions\/que-es-la-rgpd-gdpr-y-como-afecta-a-su-pagina-web\/\" \/>\n<meta property=\"og:site_name\" content=\"Ebooz.com\" \/>\n<meta property=\"article:modified_time\" content=\"2023-08-21T15:08:35+00:00\" \/>\n<meta name=\"twitter:card\" content=\"summary_large_image\" \/>\n<meta name=\"twitter:label1\" content=\"Est. reading time\" \/>\n\t<meta name=\"twitter:data1\" content=\"2 minutes\" \/>\n<script type=\"application\/ld+json\" class=\"yoast-schema-graph\">{\"@context\":\"https:\/\/schema.org\",\"@graph\":[{\"@type\":\"WebPage\",\"@id\":\"https:\/\/ebooz.com\/en\/frequent-questions\/que-es-la-rgpd-gdpr-y-como-afecta-a-su-pagina-web\/\",\"url\":\"https:\/\/ebooz.com\/en\/frequent-questions\/que-es-la-rgpd-gdpr-y-como-afecta-a-su-pagina-web\/\",\"name\":\"What is the RGPD (GDPR) and how it affects your website - Paginas web en Marbella - Ebooz.com\",\"isPartOf\":{\"@id\":\"https:\/\/ebooz.com\/#website\"},\"datePublished\":\"2023-08-07T13:17:13+00:00\",\"dateModified\":\"2023-08-21T15:08:35+00:00\",\"description\":\"How can GDPR affect my website? It affects companies or freelancers, also the processing of data in processes with third parties...\",\"breadcrumb\":{\"@id\":\"https:\/\/ebooz.com\/en\/frequent-questions\/que-es-la-rgpd-gdpr-y-como-afecta-a-su-pagina-web\/#breadcrumb\"},\"inLanguage\":\"en-US\",\"potentialAction\":[{\"@type\":\"ReadAction\",\"target\":[\"https:\/\/ebooz.com\/en\/frequent-questions\/que-es-la-rgpd-gdpr-y-como-afecta-a-su-pagina-web\/\"]}]},{\"@type\":\"BreadcrumbList\",\"@id\":\"https:\/\/ebooz.com\/en\/frequent-questions\/que-es-la-rgpd-gdpr-y-como-afecta-a-su-pagina-web\/#breadcrumb\",\"itemListElement\":[{\"@type\":\"ListItem\",\"position\":1,\"name\":\"Portada\",\"item\":\"https:\/\/ebooz.com\/\"},{\"@type\":\"ListItem\",\"position\":2,\"name\":\"Frequent questions\",\"item\":\"https:\/\/ebooz.com\/en\/frequent-questions\/\"},{\"@type\":\"ListItem\",\"position\":3,\"name\":\"Qu\u00e9 es la RGPD (GDPR) y c\u00f3mo afecta a su p\u00e1gina web\"}]},{\"@type\":\"WebSite\",\"@id\":\"https:\/\/ebooz.com\/#website\",\"url\":\"https:\/\/ebooz.com\/\",\"name\":\"Ebooz.com\",\"description\":\"Dise\u00f1o Web en Marbella\",\"publisher\":{\"@id\":\"https:\/\/ebooz.com\/#organization\"},\"potentialAction\":[{\"@type\":\"SearchAction\",\"target\":{\"@type\":\"EntryPoint\",\"urlTemplate\":\"https:\/\/ebooz.com\/?s={search_term_string}\"},\"query-input\":{\"@type\":\"PropertyValueSpecification\",\"valueRequired\":true,\"valueName\":\"search_term_string\"}}],\"inLanguage\":\"en-US\"},{\"@type\":\"Organization\",\"@id\":\"https:\/\/ebooz.com\/#organization\",\"name\":\"Ebooz.com\",\"url\":\"https:\/\/ebooz.com\/\",\"logo\":{\"@type\":\"ImageObject\",\"inLanguage\":\"en-US\",\"@id\":\"https:\/\/ebooz.com\/#\/schema\/logo\/image\/\",\"url\":\"https:\/\/ebooz.com\/wp-content\/uploads\/2023\/08\/cropped-ebooz-logo-1.jpg\",\"contentUrl\":\"https:\/\/ebooz.com\/wp-content\/uploads\/2023\/08\/cropped-ebooz-logo-1.jpg\",\"width\":240,\"height\":88,\"caption\":\"Ebooz.com\"},\"image\":{\"@id\":\"https:\/\/ebooz.com\/#\/schema\/logo\/image\/\"}}]}<\/script>\n<!-- \/ Yoast SEO plugin. -->","yoast_head_json":{"title":"What is the RGPD (GDPR) and how it affects your website - Paginas web en Marbella - Ebooz.com","description":"How can GDPR affect my website? It affects companies or freelancers, also the processing of data in processes with third parties...","robots":{"index":"index","follow":"follow","max-snippet":"max-snippet:-1","max-image-preview":"max-image-preview:large","max-video-preview":"max-video-preview:-1"},"canonical":"https:\/\/ebooz.com\/en\/frequent-questions\/que-es-la-rgpd-gdpr-y-como-afecta-a-su-pagina-web\/","og_locale":"en_US","og_type":"article","og_title":"What is the RGPD (GDPR) and how it affects your website - Paginas web en Marbella - Ebooz.com","og_description":"How can GDPR affect my website? It affects companies or freelancers, also the processing of data in processes with third parties...","og_url":"https:\/\/ebooz.com\/en\/frequent-questions\/que-es-la-rgpd-gdpr-y-como-afecta-a-su-pagina-web\/","og_site_name":"Ebooz.com","article_modified_time":"2023-08-21T15:08:35+00:00","twitter_card":"summary_large_image","twitter_misc":{"Est. reading time":"2 minutes"},"schema":{"@context":"https:\/\/schema.org","@graph":[{"@type":"WebPage","@id":"https:\/\/ebooz.com\/en\/frequent-questions\/que-es-la-rgpd-gdpr-y-como-afecta-a-su-pagina-web\/","url":"https:\/\/ebooz.com\/en\/frequent-questions\/que-es-la-rgpd-gdpr-y-como-afecta-a-su-pagina-web\/","name":"What is the RGPD (GDPR) and how it affects your website - Paginas web en Marbella - Ebooz.com","isPartOf":{"@id":"https:\/\/ebooz.com\/#website"},"datePublished":"2023-08-07T13:17:13+00:00","dateModified":"2023-08-21T15:08:35+00:00","description":"How can GDPR affect my website? It affects companies or freelancers, also the processing of data in processes with third parties...","breadcrumb":{"@id":"https:\/\/ebooz.com\/en\/frequent-questions\/que-es-la-rgpd-gdpr-y-como-afecta-a-su-pagina-web\/#breadcrumb"},"inLanguage":"en-US","potentialAction":[{"@type":"ReadAction","target":["https:\/\/ebooz.com\/en\/frequent-questions\/que-es-la-rgpd-gdpr-y-como-afecta-a-su-pagina-web\/"]}]},{"@type":"BreadcrumbList","@id":"https:\/\/ebooz.com\/en\/frequent-questions\/que-es-la-rgpd-gdpr-y-como-afecta-a-su-pagina-web\/#breadcrumb","itemListElement":[{"@type":"ListItem","position":1,"name":"Portada","item":"https:\/\/ebooz.com\/"},{"@type":"ListItem","position":2,"name":"Frequent questions","item":"https:\/\/ebooz.com\/en\/frequent-questions\/"},{"@type":"ListItem","position":3,"name":"Qu\u00e9 es la RGPD (GDPR) y c\u00f3mo afecta a su p\u00e1gina web"}]},{"@type":"WebSite","@id":"https:\/\/ebooz.com\/#website","url":"https:\/\/ebooz.com\/","name":"Ebooz.com","description":"Dise\u00f1o Web en Marbella","publisher":{"@id":"https:\/\/ebooz.com\/#organization"},"potentialAction":[{"@type":"SearchAction","target":{"@type":"EntryPoint","urlTemplate":"https:\/\/ebooz.com\/?s={search_term_string}"},"query-input":{"@type":"PropertyValueSpecification","valueRequired":true,"valueName":"search_term_string"}}],"inLanguage":"en-US"},{"@type":"Organization","@id":"https:\/\/ebooz.com\/#organization","name":"Ebooz.com","url":"https:\/\/ebooz.com\/","logo":{"@type":"ImageObject","inLanguage":"en-US","@id":"https:\/\/ebooz.com\/#\/schema\/logo\/image\/","url":"https:\/\/ebooz.com\/wp-content\/uploads\/2023\/08\/cropped-ebooz-logo-1.jpg","contentUrl":"https:\/\/ebooz.com\/wp-content\/uploads\/2023\/08\/cropped-ebooz-logo-1.jpg","width":240,"height":88,"caption":"Ebooz.com"},"image":{"@id":"https:\/\/ebooz.com\/#\/schema\/logo\/image\/"}}]}},"_links":{"self":[{"href":"https:\/\/ebooz.com\/en\/wp-json\/wp\/v2\/pages\/18738","targetHints":{"allow":["GET"]}}],"collection":[{"href":"https:\/\/ebooz.com\/en\/wp-json\/wp\/v2\/pages"}],"about":[{"href":"https:\/\/ebooz.com\/en\/wp-json\/wp\/v2\/types\/page"}],"author":[{"embeddable":true,"href":"https:\/\/ebooz.com\/en\/wp-json\/wp\/v2\/users\/1"}],"replies":[{"embeddable":true,"href":"https:\/\/ebooz.com\/en\/wp-json\/wp\/v2\/comments?post=18738"}],"version-history":[{"count":0,"href":"https:\/\/ebooz.com\/en\/wp-json\/wp\/v2\/pages\/18738\/revisions"}],"up":[{"embeddable":true,"href":"https:\/\/ebooz.com\/en\/wp-json\/wp\/v2\/pages\/17830"}],"wp:attachment":[{"href":"https:\/\/ebooz.com\/en\/wp-json\/wp\/v2\/media?parent=18738"}],"curies":[{"name":"wp","href":"https:\/\/api.w.org\/{rel}","templated":true}]}}